{"id":720,"date":"2019-11-26T09:16:27","date_gmt":"2019-11-26T08:16:27","guid":{"rendered":"http:\/\/steevenarcisse.com\/?page_id=720"},"modified":"2024-05-28T15:37:52","modified_gmt":"2024-05-28T13:37:52","slug":"elementor-720","status":"publish","type":"page","link":"https:\/\/steevenarcisse.com\/index.php\/elementor-720\/","title":{"rendered":"CONTACT"},"content":{"rendered":"\n<figure class=\"wp-block-image size-large is-resized\"><img loading=\"lazy\" decoding=\"async\" width=\"1024\" height=\"684\" src=\"https:\/\/steevenarcisse.com\/wp-content\/uploads\/2020\/03\/DSC_0340-3-1024x684.jpg\" alt=\"\" class=\"wp-image-996\" style=\"width:251px;height:168px\" srcset=\"https:\/\/steevenarcisse.com\/wp-content\/uploads\/2020\/03\/DSC_0340-3-1024x684.jpg 1024w, https:\/\/steevenarcisse.com\/wp-content\/uploads\/2020\/03\/DSC_0340-3-300x200.jpg 300w, https:\/\/steevenarcisse.com\/wp-content\/uploads\/2020\/03\/DSC_0340-3-768x513.jpg 768w, https:\/\/steevenarcisse.com\/wp-content\/uploads\/2020\/03\/DSC_0340-3-1536x1025.jpg 1536w, https:\/\/steevenarcisse.com\/wp-content\/uploads\/2020\/03\/DSC_0340-3-2048x1367.jpg 2048w\" sizes=\"auto, (max-width: 1024px) 100vw, 1024px\" \/><\/figure>\n\n\n<h6>R\u00e9-imaginer la beaut\u00e9.<\/h6>\n<h6>Admiratif des gens qui se sont forg\u00e9 un chemin atypique, ma photographie met de l\u2019avant de la beaut\u00e9 l\u00e0 o\u00f9 l&#8217;on ne regarde habituellement pas. Aupr\u00e8s d&#8217;individus souvent mis de c\u00f4t\u00e9, ou dans des lieux d\u00e9saffect\u00e9s.<\/h6>\n<h6>Je m\u2019efforce de mettre en lumi\u00e8re la beaut\u00e9 et la r\u00e9silience des personnes neuro-atypiques, des personnes handicap\u00e9es ou encore sans domicile fixe ou simplement \u201chors-normes.\u201d Je me sens privil\u00e9gi\u00e9 d\u2019offrir un aper\u00e7u intime de la vie de ces individus extraordinaires, r\u00e9v\u00e9lant leur force, leur dignit\u00e9 et les couleurs vibrantes qui illuminent leurs diverses exp\u00e9riences.<\/h6>\n<h6 class=\"p1\" style=\"text-align: left;\">La plupart des mes photos sont prises dans des coins urbains n\u00e9glig\u00e9s, des squats abandonn\u00e9s et d&#8217;autres lieux atypiques, d\u00e9terrant des r\u00e9cits cach\u00e9s qui remettent en question nos notions pr\u00e9con\u00e7ues de beaut\u00e9 et de normalit\u00e9. Dans une \u00e8re d\u2019obsession \u00e0 la perfection, je me pose sur ce qui d\u00e9mant\u00e8le les barri\u00e8res soci\u00e9tales et remod\u00e8le nos perceptions, mettant en valeur l&#8217;extraordinaire au milieu de l\u2019ordinaire.<\/h6>\n<p><em>Beauty is everywhere.<\/em><\/p>\n\n<div class=\"wpcf7 no-js\" id=\"wpcf7-f431-o1\" lang=\"fr-FR\" dir=\"ltr\" data-wpcf7-id=\"431\">\n<div class=\"screen-reader-response\"><p role=\"status\" aria-live=\"polite\" aria-atomic=\"true\"><\/p> <ul><\/ul><\/div>\n<form action=\"\/index.php\/wp-json\/wp\/v2\/pages\/720#wpcf7-f431-o1\" method=\"post\" class=\"wpcf7-form init\" aria-label=\"Formulaire de contact\" novalidate=\"novalidate\" data-status=\"init\">\n<fieldset class=\"hidden-fields-container\"><input type=\"hidden\" name=\"_wpcf7\" value=\"431\" \/><input type=\"hidden\" name=\"_wpcf7_version\" value=\"6.1.5\" \/><input type=\"hidden\" name=\"_wpcf7_locale\" value=\"fr_FR\" \/><input type=\"hidden\" name=\"_wpcf7_unit_tag\" value=\"wpcf7-f431-o1\" \/><input type=\"hidden\" name=\"_wpcf7_container_post\" value=\"0\" \/><input type=\"hidden\" name=\"_wpcf7_posted_data_hash\" value=\"\" \/>\n<\/fieldset>\n<p><label> Votre nom (obligatoire)<br \/>\n<span class=\"wpcf7-form-control-wrap\" data-name=\"your-name\"><input size=\"40\" maxlength=\"400\" class=\"wpcf7-form-control wpcf7-text wpcf7-validates-as-required\" aria-required=\"true\" aria-invalid=\"false\" value=\"\" type=\"text\" name=\"your-name\" \/><\/span> <\/label>\n<\/p>\n<p><label> Adresse mail (obligatoire)<br \/>\n<span class=\"wpcf7-form-control-wrap\" data-name=\"your-email\"><input size=\"40\" maxlength=\"400\" class=\"wpcf7-form-control wpcf7-email wpcf7-validates-as-required wpcf7-text wpcf7-validates-as-email\" aria-required=\"true\" aria-invalid=\"false\" value=\"\" type=\"email\" name=\"your-email\" \/><\/span> <\/label>\n<\/p>\n<p><label> Sujet<br \/>\n<span class=\"wpcf7-form-control-wrap\" data-name=\"your-subject\"><input size=\"40\" maxlength=\"400\" class=\"wpcf7-form-control wpcf7-text\" aria-invalid=\"false\" value=\"\" type=\"text\" name=\"your-subject\" \/><\/span> <\/label>\n<\/p>\n<p><label> Votre message<br \/>\n<span class=\"wpcf7-form-control-wrap\" data-name=\"your-message\"><textarea cols=\"40\" rows=\"10\" maxlength=\"2000\" class=\"wpcf7-form-control wpcf7-textarea\" aria-invalid=\"false\" name=\"your-message\"><\/textarea><\/span> <\/label>\n<\/p>\n<p><input class=\"wpcf7-form-control wpcf7-submit has-spinner\" type=\"submit\" value=\"Send\" \/>\n<\/p><div class=\"wpcf7-response-output\" aria-hidden=\"true\"><\/div>\n<\/form>\n<\/div>\n","protected":false},"excerpt":{"rendered":"<p>R\u00e9-imaginer la beaut\u00e9. Admiratif des gens qui se sont forg\u00e9 un chemin atypique, ma photographie met de l\u2019avant de la beaut\u00e9 l\u00e0 o\u00f9 l&#8217;on ne regarde habituellement pas. Aupr\u00e8s d&#8217;individus souvent mis de c\u00f4t\u00e9, ou dans des lieux d\u00e9saffect\u00e9s. Je m\u2019efforce de mettre en lumi\u00e8re &hellip; <a href=\"https:\/\/steevenarcisse.com\/index.php\/elementor-720\/\" class=\"more-link\"><span>Continue reading<span class=\"screen-reader-text\">CONTACT<\/span><\/span><\/a><\/p>\n","protected":false},"author":1,"featured_media":0,"parent":0,"menu_order":0,"comment_status":"closed","ping_status":"closed","template":"","meta":{"footnotes":""},"class_list":["post-720","page","type-page","status-publish","hentry"],"_links":{"self":[{"href":"https:\/\/steevenarcisse.com\/index.php\/wp-json\/wp\/v2\/pages\/720","targetHints":{"allow":["GET"]}}],"collection":[{"href":"https:\/\/steevenarcisse.com\/index.php\/wp-json\/wp\/v2\/pages"}],"about":[{"href":"https:\/\/steevenarcisse.com\/index.php\/wp-json\/wp\/v2\/types\/page"}],"author":[{"embeddable":true,"href":"https:\/\/steevenarcisse.com\/index.php\/wp-json\/wp\/v2\/users\/1"}],"replies":[{"embeddable":true,"href":"https:\/\/steevenarcisse.com\/index.php\/wp-json\/wp\/v2\/comments?post=720"}],"version-history":[{"count":19,"href":"https:\/\/steevenarcisse.com\/index.php\/wp-json\/wp\/v2\/pages\/720\/revisions"}],"predecessor-version":[{"id":2700,"href":"https:\/\/steevenarcisse.com\/index.php\/wp-json\/wp\/v2\/pages\/720\/revisions\/2700"}],"wp:attachment":[{"href":"https:\/\/steevenarcisse.com\/index.php\/wp-json\/wp\/v2\/media?parent=720"}],"curies":[{"name":"wp","href":"https:\/\/api.w.org\/{rel}","templated":true}]}}